{"id":80,"date":"2010-10-08T00:17:43","date_gmt":"2010-10-07T22:17:43","guid":{"rendered":"http:\/\/www.rt-51.de\/?page_id=80"},"modified":"2016-05-02T15:51:48","modified_gmt":"2016-05-02T13:51:48","slug":"80-2","status":"publish","type":"page","link":"https:\/\/www.rt-51.org\/?page_id=80","title":{"rendered":"Impressum"},"content":{"rendered":"<p><strong>Verantwortlich f\u00fcr die Inhalte dieser Website nach \u00a7 6 Medienstaatsvertrag (MDStV) ist:<br \/>\n<\/strong><br \/>\nRound Table 51<br \/>\nAurich-Norden<\/p>\n<p><em>Thomas Best<\/em><br \/>\n<em>Am Kiefmoor 14<\/em><br \/>\n<em> 26624 S\u00fcdbrookmerland<\/em><\/p>\n<p>webmaster\/Systembetreuung: <em><span style=\"color: #0000ff;\"><a style=\"color: #0000ff;\" href=\"mailto:s.bents@bents.com\">Simon Bents<\/a><\/span>, Aurich<\/em><\/p>\n<p><strong>Disclaimer<\/strong><\/p>\n<p>Erkl\u00e4rung zu Links<br \/>\nDas Landgericht Hamburg hat mit Urteil vom 12.05.1998 entschieden, dass man durch die Ausbringung eines Links die Inhalte der gelinkten Seite ggf. mit zu verantworten hat. Dies kann &#8211; so das LG &#8211; nur dadurch verhindert werden, dass man sich ausdr\u00fccklich von diesen Inhalten distanziert. Wir haben auf unserer Site Links zu anderen Seiten im Internet gelegt. F\u00fcr all diese Links gilt: &#8222;Wir distanzieren uns hiermit ausdr\u00fccklich von allen Inhalten aller gelinkten Seiten auf unserer gesamten Website inkl. aller Unterseiten. Diese Erkl\u00e4rung gilt f\u00fcr alle auf unserer Website angebrachten Links und f\u00fcr alle Inhalte der Seiten, zu denen Links oder Banner f\u00fchren.&#8220;<\/p>\n<p>Urheberrechts- und Haftungshinweise<br \/>\nTexte, Bilder, Grafiken sowie Layout dieser Seiten unterliegen weltweitem Urheberrecht. Unerlaubte Verwendung, Reproduktion oder Weitergabe einzelner Inhalte oder kompletter Seiten werden sowohl straf- als auch zivilrechtlich verfolgt. Eine Haftung f\u00fcr die Richtigkeit, Vollst\u00e4ndigkeit, Aktualit\u00e4t oder Sch\u00e4den durch Anwendung der Inhalte dieser Seiten wird in keinem Fall \u00fcbernommen. Es wird darauf hingewiesen, dass die auf der Website genannten Soft- und Hardware-Bezeichnungen und Markennamen der jeweiligen Firmen im allgemeinen warenzeichen-, marken- oder patentrechtlichen Schutz unterliegen. Alle dargestellten &#8222;Fremdlogos&#8220; und Bilder sind Copyright und Eigentum der entsprechenden Firmen und\/oder Personen.<\/p>\n","protected":false},"excerpt":{"rendered":"<p>Verantwortlich f\u00fcr die Inhalte dieser Website nach \u00a7 6 Medienstaatsvertrag (MDStV) ist: Round Table 51 Aurich-Norden Thomas Best Am Kiefmoor 14 26624 S\u00fcdbrookmerland webmaster\/Systembetreuung: Simon Bents, Aurich Disclaimer Erkl\u00e4rung zu Links Das Landgericht Hamburg hat mit Urteil vom 12.05.1998 entschieden, dass man durch die Ausbringung eines Links die Inhalte der gelinkten Seite ggf. mit zu [&hellip;]<\/p>\n","protected":false},"author":23,"featured_media":0,"parent":0,"menu_order":99,"comment_status":"closed","ping_status":"open","template":"","meta":[],"_links":{"self":[{"href":"https:\/\/www.rt-51.org\/index.php?rest_route=\/wp\/v2\/pages\/80"}],"collection":[{"href":"https:\/\/www.rt-51.org\/index.php?rest_route=\/wp\/v2\/pages"}],"about":[{"href":"https:\/\/www.rt-51.org\/index.php?rest_route=\/wp\/v2\/types\/page"}],"author":[{"embeddable":true,"href":"https:\/\/www.rt-51.org\/index.php?rest_route=\/wp\/v2\/users\/23"}],"replies":[{"embeddable":true,"href":"https:\/\/www.rt-51.org\/index.php?rest_route=%2Fwp%2Fv2%2Fcomments&post=80"}],"version-history":[{"count":14,"href":"https:\/\/www.rt-51.org\/index.php?rest_route=\/wp\/v2\/pages\/80\/revisions"}],"predecessor-version":[{"id":1220,"href":"https:\/\/www.rt-51.org\/index.php?rest_route=\/wp\/v2\/pages\/80\/revisions\/1220"}],"wp:attachment":[{"href":"https:\/\/www.rt-51.org\/index.php?rest_route=%2Fwp%2Fv2%2Fmedia&parent=80"}],"curies":[{"name":"wp","href":"https:\/\/api.w.org\/{rel}","templated":true}]}}