{"id":78,"date":"2010-10-08T00:11:33","date_gmt":"2010-10-07T22:11:33","guid":{"rendered":"http:\/\/www.rt-51.de\/?page_id=78"},"modified":"2010-10-08T00:21:31","modified_gmt":"2010-10-07T22:21:31","slug":"das-ist-round-table","status":"publish","type":"page","link":"https:\/\/www.rt-51.org\/?page_id=78","title":{"rendered":"Das ist Round Table"},"content":{"rendered":"<p>Round Table ist eine internationale Verbindung junger M\u00e4nner mit rund 3.500 Mitgliedern in Deutschland. Entstanden ist &#8222;RT&#8220;, wie die Mitglieder ihren Round Table nennen, aus dem Geist des englischen Clublebens. Die Mitgliedschaft endet automatisch mit der Vollendung des 40. Lebensjahrs &#8211; so ist ein permanenter Zufluss von neuen Ideen gesichert.<\/p>\n<ul>\n<li><a title=\"Round Table Deutschland\" href=\"http:\/\/www.round-table.de\/\" target=\"_blank\">Round Table Deutschland<\/a><\/li>\n<li><a title=\"Round Table International\" href=\"http:\/\/www.roundtable.name\/\" target=\"_blank\">Round Table International<\/a><\/li>\n<\/ul>\n<p>Ziele des Clubs :<\/p>\n<ul>\n<li>Dienst (\u201eservice&#8220;) an der Allgemeinheit<\/li>\n<li>Austausch von beruflichen und privaten Erfahrungen der Mitglieder<\/li>\n<li>Pflege neuer Freundschaften im In- und Ausland<\/li>\n<\/ul>\n<p>Round Table ist politisch und konfessionell neutral, zudem gibt es keine ethnischen oder landsmannschaftlichen Beschr\u00e4nkungen. Kennzeichnend f\u00fcr Round Table ist die Aufgeschlossenheit und das Interesse gegen\u00fcber traditionellen wie neuen Ideen und Entwicklungen entsprechend dem Motto &#8222;adopt, adapt, improve&#8220;.<\/p>\n<p>Das Motto stammt aus einer Rede des Prince of Wales auf der British Industry Fair von 1927: &#8222;The young business and professional men of this country must get together round the table, adopt methods that have proved so sound in the past, adapt them to the changing needs of the times and wherever possible, improve them&#8220;.<\/p>\n<p>Die einzelnen &#8222;Tische&#8220; &#8211; so werden die lokalen Clubs mit 15-25 Mitgliedern genannt &#8211; gestalten selbstst\u00e4ndig eigene Service-Projekte, zumeist an ihrem Standort. Dies kann durch den pers\u00f6nlichen Einsatz im Projekt selbst &#8211; z.B. bei Freizeiten mit Behinderten &#8211; geschehen. Oder aber durch Fundraising f\u00fcr das Projekt bei unterschiedlichsten Aktionen wie Entenrennen, Gl\u00fchweinverk\u00e4ufen oder der Ausrichtung von Festen.<\/p>\n<p>Daneben gibt es allj\u00e4hrlich das Nationale Service-Projekt (NSP), f\u00fcr das alle Tische gemeinsam Spenden sammeln. So wurden in der Vergangenheit durch die NSPs der Bau von 13 Schulen in Nepal finanziert, ein Blindenhospital in Indien errichtet, ein Anti-AIDS-Projekt in S\u00fcdafrika etabliert, oder, wie im letzten Amtsjahr, die Einrichtung von 6 ambulanten Kinderhospiz-Diensten in Deutschland erm\u00f6glicht.<\/p>\n<p>Der Vorteil von RT gegen\u00fcber anderen Hilfsorganisationen liegt vor allem daran, dass keine Kosten f\u00fcr Verwaltung anfallen. Die Mitglieder von RT helfen ehrenamtlich in ihrer Freizeit. Durch das internationale Netzwerk gelangen Spenden direkt an Tabler in anderen Nationen, die vor Ort am besten wissen, wo Hilfe ben\u00f6tigt wird und wie man das Geld am effektivsten einsetzt.<\/p>\n","protected":false},"excerpt":{"rendered":"<p>Round Table ist eine internationale Verbindung junger M\u00e4nner mit rund 3.500 Mitgliedern in Deutschland. Entstanden ist &#8222;RT&#8220;, wie die Mitglieder ihren Round Table nennen, aus dem Geist des englischen Clublebens. Die Mitgliedschaft endet automatisch mit der Vollendung des 40. Lebensjahrs &#8211; so ist ein permanenter Zufluss von neuen Ideen gesichert. Round Table Deutschland Round Table [&hellip;]<\/p>\n","protected":false},"author":23,"featured_media":0,"parent":0,"menu_order":2,"comment_status":"closed","ping_status":"closed","template":"","meta":[],"_links":{"self":[{"href":"https:\/\/www.rt-51.org\/index.php?rest_route=\/wp\/v2\/pages\/78"}],"collection":[{"href":"https:\/\/www.rt-51.org\/index.php?rest_route=\/wp\/v2\/pages"}],"about":[{"href":"https:\/\/www.rt-51.org\/index.php?rest_route=\/wp\/v2\/types\/page"}],"author":[{"embeddable":true,"href":"https:\/\/www.rt-51.org\/index.php?rest_route=\/wp\/v2\/users\/23"}],"replies":[{"embeddable":true,"href":"https:\/\/www.rt-51.org\/index.php?rest_route=%2Fwp%2Fv2%2Fcomments&post=78"}],"version-history":[{"count":2,"href":"https:\/\/www.rt-51.org\/index.php?rest_route=\/wp\/v2\/pages\/78\/revisions"}],"predecessor-version":[{"id":87,"href":"https:\/\/www.rt-51.org\/index.php?rest_route=\/wp\/v2\/pages\/78\/revisions\/87"}],"wp:attachment":[{"href":"https:\/\/www.rt-51.org\/index.php?rest_route=%2Fwp%2Fv2%2Fmedia&parent=78"}],"curies":[{"name":"wp","href":"https:\/\/api.w.org\/{rel}","templated":true}]}}