{"id":46,"date":"2010-10-07T23:33:10","date_gmt":"2010-10-07T21:33:10","guid":{"rendered":"http:\/\/www.rt-51.de\/?page_id=46"},"modified":"2016-02-02T12:10:40","modified_gmt":"2016-02-02T11:10:40","slug":"unser-profil","status":"publish","type":"page","link":"https:\/\/www.rt-51.org\/?page_id=46","title":{"rendered":"Unser Profil"},"content":{"rendered":"<p>Mitglied eines Tisches von Round Table kann jeder Mann im Alter vom 18. bis zum vollendeten 38. Lebensjahr werden, der in einer verantwortlichen Stellung oder einem selbst\u00e4ndigen Beruf t\u00e4tig ist oder sich in der Ausbildung f\u00fcr eine solche T\u00e4tigkeit befindet. Die Aufnahme in Round Table geschieht durch die Empfehlung eines Mitglieds und bedarf der einstimmigen Billigung aller anderen Mitglieder des Tisches.<\/p>\n<p>Es sollen nicht mehr als zwei Mitglieder eines Tisches zur gleichen Berufsgruppe (Klassifikation) geh\u00f6ren. RT-51 hat derzeit 18 Mitglieder, die folgende Berufsgruppen vertreten:<\/p>\n<ul>\n<li>Reederei<\/li>\n<li>Architekt<\/li>\n<li>Rechtsanwalt<\/li>\n<li>Zahnarzt<\/li>\n<li>Steuerberater<\/li>\n<li>Versicherung<\/li>\n<li>Bank<\/li>\n<li>Einzel- und Gro\u00dfhandel<\/li>\n<li>Kaufleute<\/li>\n<li>Krankenkasse<\/li>\n<li>Elektrotechnik<\/li>\n<li>Hoch-und Tiefbau<\/li>\n<li>Hotellerie<\/li>\n<li>Landwirtschaft<\/li>\n<\/ul>\n<p>Der gesellige Rahmen aller Begegnungen und Veranstaltungen und die selbstverst\u00e4ndliche Beteiligung auch der Partnerinnen f\u00fchrt zu einer Vielzahl von Kontakten, Verbindungen und Freundschaften, die oft weit \u00fcber die Zeit der Tisch-Mitgliedschaft hinaus reichen.<\/p>\n","protected":false},"excerpt":{"rendered":"<p>Mitglied eines Tisches von Round Table kann jeder Mann im Alter vom 18. bis zum vollendeten 38. Lebensjahr werden, der in einer verantwortlichen Stellung oder einem selbst\u00e4ndigen Beruf t\u00e4tig ist oder sich in der Ausbildung f\u00fcr eine solche T\u00e4tigkeit befindet. Die Aufnahme in Round Table geschieht durch die Empfehlung eines Mitglieds und bedarf der einstimmigen [&hellip;]<\/p>\n","protected":false},"author":23,"featured_media":0,"parent":0,"menu_order":3,"comment_status":"closed","ping_status":"closed","template":"","meta":[],"_links":{"self":[{"href":"https:\/\/www.rt-51.org\/index.php?rest_route=\/wp\/v2\/pages\/46"}],"collection":[{"href":"https:\/\/www.rt-51.org\/index.php?rest_route=\/wp\/v2\/pages"}],"about":[{"href":"https:\/\/www.rt-51.org\/index.php?rest_route=\/wp\/v2\/types\/page"}],"author":[{"embeddable":true,"href":"https:\/\/www.rt-51.org\/index.php?rest_route=\/wp\/v2\/users\/23"}],"replies":[{"embeddable":true,"href":"https:\/\/www.rt-51.org\/index.php?rest_route=%2Fwp%2Fv2%2Fcomments&post=46"}],"version-history":[{"count":10,"href":"https:\/\/www.rt-51.org\/index.php?rest_route=\/wp\/v2\/pages\/46\/revisions"}],"predecessor-version":[{"id":1044,"href":"https:\/\/www.rt-51.org\/index.php?rest_route=\/wp\/v2\/pages\/46\/revisions\/1044"}],"wp:attachment":[{"href":"https:\/\/www.rt-51.org\/index.php?rest_route=%2Fwp%2Fv2%2Fmedia&parent=46"}],"curies":[{"name":"wp","href":"https:\/\/api.w.org\/{rel}","templated":true}]}}