{"id":2,"date":"2010-10-07T12:14:37","date_gmt":"2010-10-07T10:14:37","guid":{"rendered":"http:\/\/www.rt-51.de\/?page_id=2"},"modified":"2011-01-26T21:05:04","modified_gmt":"2011-01-26T20:05:04","slug":"eine-seite","status":"publish","type":"page","link":"https:\/\/www.rt-51.org\/?page_id=2","title":{"rendered":"Willkommen"},"content":{"rendered":"<p>Herzlich Willkommen beim Round Table 51 Aurich-Norden. Wir m\u00f6chten Ihnen auf diesen Seiten unseren Service Club &#8222;Round Table 51&#8220; vorstellen. Round Table 51 wurde im Jahre 1969 gegr\u00fcndet. Sollten wir Ihr Interesse geweckt haben, k\u00f6nnen Sie sich auf den folgenden Seiten n\u00e4her \u00fcber den Round Table 51 informieren&#8230;<\/p>\n<div id=\"attachment_9\" style=\"width: 410px\" class=\"wp-caption aligncenter\"><a href=\"http:\/\/www.rt-51.de\/wp-content\/uploads\/2010\/10\/IMG_0137.jpg\"><img aria-describedby=\"caption-attachment-9\" decoding=\"async\" loading=\"lazy\" class=\"size-medium wp-image-9\" title=\"RT51-Teamfoto\" src=\"http:\/\/www.rt-51.de\/wp-content\/uploads\/2010\/10\/IMG_0137-400x300.jpg\" alt=\"Der Round Table Aurich-Norden im Februar 2010\" width=\"400\" height=\"300\" srcset=\"https:\/\/www.rt-51.org\/wp-content\/uploads\/2010\/10\/IMG_0137-400x300.jpg 400w, https:\/\/www.rt-51.org\/wp-content\/uploads\/2010\/10\/IMG_0137.jpg 614w\" sizes=\"(max-width: 400px) 100vw, 400px\" \/><\/a><p id=\"caption-attachment-9\" class=\"wp-caption-text\">Der Round Table Aurich-Norden im Februar 2010<\/p><\/div>\n<p><strong><br \/>\n<\/strong><\/p>\n","protected":false},"excerpt":{"rendered":"<p>Herzlich Willkommen beim Round Table 51 Aurich-Norden. Wir m\u00f6chten Ihnen auf diesen Seiten unseren Service Club &#8222;Round Table 51&#8220; vorstellen. Round Table 51 wurde im Jahre 1969 gegr\u00fcndet. Sollten wir Ihr Interesse geweckt haben, k\u00f6nnen Sie sich auf den folgenden Seiten n\u00e4her \u00fcber den Round Table 51 informieren&#8230;<\/p>\n","protected":false},"author":23,"featured_media":0,"parent":0,"menu_order":1,"comment_status":"closed","ping_status":"closed","template":"","meta":[],"_links":{"self":[{"href":"https:\/\/www.rt-51.org\/index.php?rest_route=\/wp\/v2\/pages\/2"}],"collection":[{"href":"https:\/\/www.rt-51.org\/index.php?rest_route=\/wp\/v2\/pages"}],"about":[{"href":"https:\/\/www.rt-51.org\/index.php?rest_route=\/wp\/v2\/types\/page"}],"author":[{"embeddable":true,"href":"https:\/\/www.rt-51.org\/index.php?rest_route=\/wp\/v2\/users\/23"}],"replies":[{"embeddable":true,"href":"https:\/\/www.rt-51.org\/index.php?rest_route=%2Fwp%2Fv2%2Fcomments&post=2"}],"version-history":[{"count":27,"href":"https:\/\/www.rt-51.org\/index.php?rest_route=\/wp\/v2\/pages\/2\/revisions"}],"predecessor-version":[{"id":10,"href":"https:\/\/www.rt-51.org\/index.php?rest_route=\/wp\/v2\/pages\/2\/revisions\/10"}],"wp:attachment":[{"href":"https:\/\/www.rt-51.org\/index.php?rest_route=%2Fwp%2Fv2%2Fmedia&parent=2"}],"curies":[{"name":"wp","href":"https:\/\/api.w.org\/{rel}","templated":true}]}}