{"id":1713,"date":"2020-02-22T00:41:37","date_gmt":"2020-02-21T23:41:37","guid":{"rendered":"http:\/\/www.rt-51.de\/?page_id=1713"},"modified":"2020-02-22T00:44:13","modified_gmt":"2020-02-21T23:44:13","slug":"praesidium-2020","status":"publish","type":"page","link":"https:\/\/www.rt-51.org\/?page_id=1713","title":{"rendered":"Pr\u00e4sidium 2020"},"content":{"rendered":"<p>Pr\u00e4sident: <em>Martin St\u00e4ber<\/em><\/p>\n<p>Vize-Pr\u00e4sident: <i>Jelto Oltmanns<\/i><\/p>\n<p>Past-Pr\u00e4sident: <i>Menno Pidun<\/i><\/p>\n<p>IRO: <i>Daniel Kr\u00fcger<\/i><\/p>\n<p>Sekret\u00e4r: <i>Hanno Alber<\/i><em>s &amp;\u00a0Bj\u00f6rn Ahrenholz<\/em><\/p>\n<p>Kassenwart: \u00a0<em>Dennis Schneider<\/em><\/p>\n<p>PRO: \u00a0<em>Norman Fleischer &amp; Simon Bents<\/em><\/p>\n","protected":false},"excerpt":{"rendered":"<p>Pr\u00e4sident: Martin St\u00e4ber Vize-Pr\u00e4sident: Jelto Oltmanns Past-Pr\u00e4sident: Menno Pidun IRO: Daniel Kr\u00fcger Sekret\u00e4r: Hanno Albers &amp;\u00a0Bj\u00f6rn Ahrenholz Kassenwart: \u00a0Dennis Schneider PRO: \u00a0Norman Fleischer &amp; Simon Bents<\/p>\n","protected":false},"author":23,"featured_media":0,"parent":49,"menu_order":1,"comment_status":"closed","ping_status":"closed","template":"","meta":[],"_links":{"self":[{"href":"https:\/\/www.rt-51.org\/index.php?rest_route=\/wp\/v2\/pages\/1713"}],"collection":[{"href":"https:\/\/www.rt-51.org\/index.php?rest_route=\/wp\/v2\/pages"}],"about":[{"href":"https:\/\/www.rt-51.org\/index.php?rest_route=\/wp\/v2\/types\/page"}],"author":[{"embeddable":true,"href":"https:\/\/www.rt-51.org\/index.php?rest_route=\/wp\/v2\/users\/23"}],"replies":[{"embeddable":true,"href":"https:\/\/www.rt-51.org\/index.php?rest_route=%2Fwp%2Fv2%2Fcomments&post=1713"}],"version-history":[{"count":3,"href":"https:\/\/www.rt-51.org\/index.php?rest_route=\/wp\/v2\/pages\/1713\/revisions"}],"predecessor-version":[{"id":1717,"href":"https:\/\/www.rt-51.org\/index.php?rest_route=\/wp\/v2\/pages\/1713\/revisions\/1717"}],"up":[{"embeddable":true,"href":"https:\/\/www.rt-51.org\/index.php?rest_route=\/wp\/v2\/pages\/49"}],"wp:attachment":[{"href":"https:\/\/www.rt-51.org\/index.php?rest_route=%2Fwp%2Fv2%2Fmedia&parent=1713"}],"curies":[{"name":"wp","href":"https:\/\/api.w.org\/{rel}","templated":true}]}}