{"id":1639,"date":"2019-05-11T14:08:40","date_gmt":"2019-05-11T12:08:40","guid":{"rendered":"http:\/\/www.rt-51.de\/?page_id=1639"},"modified":"2020-02-22T00:42:03","modified_gmt":"2020-02-21T23:42:03","slug":"praesidium-2019","status":"publish","type":"page","link":"https:\/\/www.rt-51.org\/?page_id=1639","title":{"rendered":"Pr\u00e4sidium 2019"},"content":{"rendered":"<p>Pr\u00e4sident: \u00a0<i>Menno Pidun<\/i><\/p>\n<p>Vize-Pr\u00e4sident: <em>Martin St\u00e4ber<\/em><\/p>\n<p>Past-Pr\u00e4sident:\u00a0<em>Armin Ross<\/em><\/p>\n<p>IRO: <i>Daniel Kr\u00fcger<\/i><\/p>\n<p>Sekret\u00e4r: <i>Hanno Albers<\/i><\/p>\n<p>Kassenwart: \u00a0<em>Dennis Schneider<\/em><\/p>\n<p>PRO: \u00a0<em>Norman Fleischer &amp; Simon Bents<\/em><\/p>\n","protected":false},"excerpt":{"rendered":"<p>Pr\u00e4sident: \u00a0Menno Pidun Vize-Pr\u00e4sident: Martin St\u00e4ber Past-Pr\u00e4sident:\u00a0Armin Ross IRO: Daniel Kr\u00fcger Sekret\u00e4r: Hanno Albers Kassenwart: \u00a0Dennis Schneider PRO: \u00a0Norman Fleischer &amp; Simon Bents<\/p>\n","protected":false},"author":23,"featured_media":0,"parent":49,"menu_order":2,"comment_status":"closed","ping_status":"closed","template":"","meta":[],"_links":{"self":[{"href":"https:\/\/www.rt-51.org\/index.php?rest_route=\/wp\/v2\/pages\/1639"}],"collection":[{"href":"https:\/\/www.rt-51.org\/index.php?rest_route=\/wp\/v2\/pages"}],"about":[{"href":"https:\/\/www.rt-51.org\/index.php?rest_route=\/wp\/v2\/types\/page"}],"author":[{"embeddable":true,"href":"https:\/\/www.rt-51.org\/index.php?rest_route=\/wp\/v2\/users\/23"}],"replies":[{"embeddable":true,"href":"https:\/\/www.rt-51.org\/index.php?rest_route=%2Fwp%2Fv2%2Fcomments&post=1639"}],"version-history":[{"count":2,"href":"https:\/\/www.rt-51.org\/index.php?rest_route=\/wp\/v2\/pages\/1639\/revisions"}],"predecessor-version":[{"id":1642,"href":"https:\/\/www.rt-51.org\/index.php?rest_route=\/wp\/v2\/pages\/1639\/revisions\/1642"}],"up":[{"embeddable":true,"href":"https:\/\/www.rt-51.org\/index.php?rest_route=\/wp\/v2\/pages\/49"}],"wp:attachment":[{"href":"https:\/\/www.rt-51.org\/index.php?rest_route=%2Fwp%2Fv2%2Fmedia&parent=1639"}],"curies":[{"name":"wp","href":"https:\/\/api.w.org\/{rel}","templated":true}]}}